{"id":658,"date":"2019-05-17T21:58:58","date_gmt":"2019-05-17T21:58:58","guid":{"rendered":"https:\/\/camgozlerltd.com\/biz-kimiz\/"},"modified":"2022-09-05T12:32:49","modified_gmt":"2022-09-05T12:32:49","slug":"biz-kimiz","status":"publish","type":"page","link":"https:\/\/camgozlerltd.com\/tr\/biz-kimiz\/","title":{"rendered":"Biz Kimiz"},"content":{"rendered":"<p>[vc_row wrap_container=&#8221;yes&#8221; is_section=&#8221;yes&#8221; section_skin=&#8221;parallax&#8221; remove_margin_top=&#8221;yes&#8221; remove_border=&#8221;yes&#8221; el_id=&#8221;whoweare&#8221;][vc_column width=&#8221;2\/3&#8243; el_class=&#8221;mb-5 mb-lg-0&#8243; offset=&#8221;vc_col-md-8&#8243;][vc_custom_heading text=&#8221;D\u00fc\u015flerinizi Ger\u00e7e\u011fe D\u00f6n\u00fc\u015ft\u00fcrmek i\u00e7in Tasarl\u0131yoruz&#8221; font_container=&#8221;tag:h2|font_size:42|text_align:left|line_height:1.3&#8243; use_theme_fonts=&#8221;yes&#8221; font_weight=&#8221;900&#8243; animation_delay=&#8221;250&#8243; el_class=&#8221;mb-3 ls-negative-1&#8243;][vc_custom_heading text=&#8221;Camg\u00f6zler Ltd. 2002 y\u0131l\u0131nda kurulmu\u015ftur. Ge\u00e7en s\u00fcre\u00e7te Kuzey K\u0131br\u0131s T\u00fcrk Cumhuriyeti&#8217;nin (KKTC) en b\u00fcy\u00fck in\u015faat \u015firketlerinden biri haline gelmi\u015ftir. Sayg\u0131nd\u0131r ve y\u00fcksek kaliteli i\u015f\u00e7ilik ve s\u00f6zle\u015fme s\u00fcresinde veya daha \u00f6nce taahh\u00fct eti\u011fi i\u015fleri tamamlanmas\u0131yla \u00fcn yapm\u0131\u015ft\u0131r.Hi\u00e7 bir \u015feye kar\u0131\u015fmam\u0131\u015ft\u0131r hizmetleriyle ilgili anla\u015fmazl\u0131k ve\/veya dava.&#8221; font_container=&#8221;tag:p|font_size:16.8|text_align:left|line_height:1.9&#8243; use_theme_fonts=&#8221;yes&#8221; animation_delay=&#8221;500&#8243; css=&#8221;.vc_custom_1650868325661{margin-bottom: 40px !important;}&#8221; el_class=&#8221;pr-5&#8243;][vc_custom_heading text=&#8221;Camg\u00f6zler Ltd. eksiksiz bir tasar\u0131m ve in\u015fa kabiliyetine sahiptir. \u00c7ok say\u0131da b\u00fcy\u00fck projeyi anahtar teslimi olarak tamamlam\u0131\u015ft\u0131r. Bilgisayarl\u0131 AutoCAD tasar\u0131m\u0131n\u0131 KKTC&#8217;yi ilk tan\u0131tan firma Camg\u00f6zler Ltd. oldu. Bug\u00fcn KKTC&#8217;nin en b\u00fcy\u00fck teknik ve idari organizasyonuna ve geni\u015f bir in\u015faat tesisi ve ekipman filosuna sahiptir.&#8221; font_container=&#8221;tag:p|font_size:16.8|text_align:left|line_height:1.9&#8243; use_theme_fonts=&#8221;yes&#8221; animation_delay=&#8221;500&#8243; css=&#8221;.vc_custom_1650868336358{margin-bottom: 40px !important;}&#8221; el_class=&#8221;pr-5&#8243;][vc_custom_heading text=&#8221;Camg\u00f6zler Ltd., T\u00fcrkiye ve \u0130ngiltere&#8217;deki m\u00fcteahhitler ve dan\u0131\u015fmanlarla yak\u0131n ili\u015fkiler i\u00e7indedir ve gerekti\u011finde uzmanl\u0131klar\u0131na ba\u015fvurabilir. \u015eirket, FIDIC ve CESMM III s\u00f6zle\u015fme formlar\u0131n\u0131 kullanarak projeleri ba\u015far\u0131yla tamamlam\u0131\u015ft\u0131r. Personel ayr\u0131ca ICE 5 ve 6 ve JCT model s\u00f6zle\u015fme bi\u00e7imleri konusunda deneyime sahiptir.&#8221; font_container=&#8221;tag:p|font_size:16.8|text_align:left|line_height:1.9&#8243; use_theme_fonts=&#8221;yes&#8221; animation_delay=&#8221;500&#8243; css=&#8221;.vc_custom_1650868346348{margin-bottom: 40px !important;}&#8221; el_class=&#8221;pr-5&#8243;][vc_custom_heading text=&#8221;Camg\u00f6zler Ltd., Karpaz Bay Resort Marina&#8217;n\u0131n bir par\u00e7as\u0131, Malpas Hotel&#8217;in bir par\u00e7as\u0131, Cratos&#8217;un bir par\u00e7as\u0131 olmak \u00fczere tamamlanan ve devam eden projelerin \u00e7ok etkileyici bir listesine sahiptir.Otel, Venus Beach Hotel K\u0131sm\u0131, Deniz K\u0131z\u0131 Hotel K\u0131sm\u0131, Merit Hotel K\u0131sm\u0131, Merkur Hotel K\u0131sm\u0131, TAK Koleji, Yak\u0131n Do\u011fu \u00dcniversitesi, ODT\u00dc KKK K\u0131sm\u0131 her t\u00fcrl\u00fc restorasyon teknik i\u015fleri in\u015faat \u0130\u015fleri Kafeterya amfi tiyatrosu, parke i\u015fi t\u00fcm kamp\u00fcs, demir \u00e7elik i\u015fleri t\u00fcm kamp\u00fcs\u00fcn boya i\u015fleri gibi, K\u0131br\u0131s&#8217;\u0131n \u00e7e\u015fitli yerlerinde bir\u00e7ok l\u00fcks villa, bir\u00e7ok restorasyon yapm\u0131\u015ft\u0131r.&#8221; font_container=&#8221;tag:p|font_size:16.8|text_align:left|line_height:1.9&#8243; use_theme_fonts=&#8221;yes&#8221; animation_delay=&#8221;500&#8243; css=&#8221;.vc_custom_1650868387052{margin-bottom: 40px !important;}&#8221; el_class=&#8221;pr-5&#8243;][vc_custom_heading text=&#8221;Tarihi Yap\u0131lar \u00f6rne\u011fin butik otel Gazima\u011fusa sur i\u00e7i Golden Set ve Ba\u015fp\u0131nar butik otel Eski de\u011firmen Lapta, Camg\u00f6zler Ltd. taraf\u0131ndan \u00fcstlenilen her proje, m\u00fc\u015fteriye ek g\u00fcvenlik ve konfor sa\u011flamak i\u00e7in \u201cAll Risk\u201d sigorta poli\u00e7esi kapsam\u0131ndad\u0131r. Ayni zamanda UNDP Restorasyon projelerininde her sene al\u0131p tamamlamaktad\u0131r eski kiliseler manast\u0131rlar ve Osmanl\u0131 \u00e7e\u015fmeleri camileri gibi.&#8221; font_container=&#8221;tag:p|font_size:16.8|text_align:left|line_height:1.9&#8243; use_theme_fonts=&#8221;yes&#8221; animation_delay=&#8221;500&#8243; css=&#8221;.vc_custom_1650868400812{margin-bottom: 40px !important;}&#8221; el_class=&#8221;pr-5&#8243;][\/vc_column][vc_column width=&#8221;1\/3&#8243;][vc_single_image image=&#8221;306&#8243; img_size=&#8221;full&#8221;][vc_single_image image=&#8221;307&#8243; img_size=&#8221;full&#8221; css=&#8221;.vc_custom_1650869641264{margin-top: 30px !important;}&#8221;][vc_single_image image=&#8221;309&#8243; img_size=&#8221;full&#8221; css=&#8221;.vc_custom_1650869800517{margin-top: 30px !important;}&#8221;][\/vc_column][\/vc_row]<\/p>\n","protected":false},"excerpt":{"rendered":"<p>[vc_row wrap_container=&#8221;yes&#8221; is_section=&#8221;yes&#8221; section_skin=&#8221;parallax&#8221; remove_margin_top=&#8221;yes&#8221; remove_border=&#8221;yes&#8221; el_id=&#8221;whoweare&#8221;][vc_column width=&#8221;2\/3&#8243; el_class=&#8221;mb-5 mb-lg-0&#8243; offset=&#8221;vc_col-md-8&#8243;][vc_custom_heading text=&#8221;D\u00fc\u015flerinizi Ger\u00e7e\u011fe D\u00f6n\u00fc\u015ft\u00fcrmek i\u00e7in Tasarl\u0131yoruz&#8221; font_container=&#8221;tag:h2|font_size:42|text_align:left|line_height:1.3&#8243; use_theme_fonts=&#8221;yes&#8221; font_weight=&#8221;900&#8243; animation_delay=&#8221;250&#8243; el_class=&#8221;mb-3 ls-negative-1&#8243;][vc_custom_heading text=&#8221;Camg\u00f6zler Ltd. 2002 y\u0131l\u0131nda kurulmu\u015ftur. Ge\u00e7en s\u00fcre\u00e7te Kuzey K\u0131br\u0131s T\u00fcrk Cumhuriyeti&#8217;nin (KKTC) en b\u00fcy\u00fck in\u015faat \u015firketlerinden biri haline gelmi\u015ftir. Sayg\u0131nd\u0131r ve y\u00fcksek kaliteli i\u015f\u00e7ilik ve s\u00f6zle\u015fme s\u00fcresinde veya daha \u00f6nce taahh\u00fct eti\u011fi i\u015fleri [&hellip;]<\/p>\n","protected":false},"author":1,"featured_media":0,"parent":0,"menu_order":0,"comment_status":"closed","ping_status":"closed","template":"","meta":{"_mi_skip_tracking":false},"aioseo_notices":[],"_links":{"self":[{"href":"https:\/\/camgozlerltd.com\/tr\/wp-json\/wp\/v2\/pages\/658"}],"collection":[{"href":"https:\/\/camgozlerltd.com\/tr\/wp-json\/wp\/v2\/pages"}],"about":[{"href":"https:\/\/camgozlerltd.com\/tr\/wp-json\/wp\/v2\/types\/page"}],"author":[{"embeddable":true,"href":"https:\/\/camgozlerltd.com\/tr\/wp-json\/wp\/v2\/users\/1"}],"replies":[{"embeddable":true,"href":"https:\/\/camgozlerltd.com\/tr\/wp-json\/wp\/v2\/comments?post=658"}],"version-history":[{"count":1,"href":"https:\/\/camgozlerltd.com\/tr\/wp-json\/wp\/v2\/pages\/658\/revisions"}],"predecessor-version":[{"id":659,"href":"https:\/\/camgozlerltd.com\/tr\/wp-json\/wp\/v2\/pages\/658\/revisions\/659"}],"wp:attachment":[{"href":"https:\/\/camgozlerltd.com\/tr\/wp-json\/wp\/v2\/media?parent=658"}],"curies":[{"name":"wp","href":"https:\/\/api.w.org\/{rel}","templated":true}]}}