{"id":671,"date":"2022-08-30T19:41:16","date_gmt":"2022-08-30T19:41:16","guid":{"rendered":"https:\/\/camgozlerltd.com\/leed-sertifikasyonu\/"},"modified":"2022-09-05T12:29:27","modified_gmt":"2022-09-05T12:29:27","slug":"leed-sertifikasyonu","status":"publish","type":"page","link":"https:\/\/camgozlerltd.com\/tr\/leed-sertifikasyonu\/","title":{"rendered":"LEED Sertifikasyonu"},"content":{"rendered":"<p>[vc_row wrap_container=&#8221;yes&#8221; is_section=&#8221;yes&#8221; section_skin=&#8221;parallax&#8221; remove_margin_top=&#8221;yes&#8221; remove_border=&#8221;yes&#8221; el_id=&#8221;whoweare&#8221;][vc_column width=&#8221;2\/3&#8243; el_class=&#8221;mb-5 mb-lg-0&#8243; offset=&#8221;vc_col-md-8&#8243;][vc_custom_heading text=&#8221;LEED Nas\u0131l \u0130\u015fler&#8221; font_container=&#8221;tag:h2|font_size:42|text_align:left|line_height:1.3&#8243; use_theme_fonts=&#8221;yes&#8221; font_weight=&#8221;900&#8243; animation_delay=&#8221;250&#8243; el_class=&#8221;mb-3 ls-negative-1&#8243;][vc_custom_heading text=&#8221;LEED sertifikal\u0131 binalar tasarruf sa\u011flar, verimlili\u011fi art\u0131r\u0131r, karbon emisyonlar\u0131n\u0131 d\u00fc\u015f\u00fcr\u00fcr ve insanlar i\u00e7in daha sa\u011fl\u0131kl\u0131 yerler yarat\u0131r. Bunlar, iklim de\u011fi\u015fikli\u011fini ele alman\u0131n ve ESG hedeflerine ula\u015fman\u0131n, dayan\u0131kl\u0131l\u0131\u011f\u0131 art\u0131rman\u0131n ve daha adil topluluklar\u0131 desteklemenin kritik bir par\u00e7as\u0131d\u0131r.&#8221; font_container=&#8221;tag:p|font_size:16.8|text_align:left|line_height:1.9&#8243; use_theme_fonts=&#8221;yes&#8221; animation_delay=&#8221;500&#8243; css=&#8221;.vc_custom_1661888462846{margin-bottom: 40px !important;}&#8221; el_class=&#8221;pr-5&#8243;][vc_custom_heading text=&#8221;LEED sertifikas\u0131 almak i\u00e7in bir proje, karbon, enerji, su, at\u0131k, ula\u015f\u0131m, malzeme, sa\u011fl\u0131k ve i\u00e7 \u00e7evre kalitesini ele alan \u00f6n ko\u015fullara ve kredilere ba\u011fl\u0131 kalarak puan kazan\u0131r. Projeler, GBCI taraf\u0131ndan bir do\u011frulama ve inceleme s\u00fcrecinden ge\u00e7er ve LEED sertifikas\u0131 d\u00fczeyine kar\u015f\u0131l\u0131k gelen puanlar verilir: Sertifikal\u0131 (40-49 puan), G\u00fcm\u00fc\u015f (50-59 puan), Alt\u0131n (60-79 puan) ve Platin (80 + puan).&#8221; font_container=&#8221;tag:p|font_size:16.8|text_align:left|line_height:1.9&#8243; use_theme_fonts=&#8221;yes&#8221; animation_delay=&#8221;500&#8243; css=&#8221;.vc_custom_1661888473849{margin-bottom: 40px !important;}&#8221; el_class=&#8221;pr-5&#8243;][vc_custom_heading text=&#8221;LEED sistem hedefleri&#8221; font_container=&#8221;tag:h2|font_size:42|text_align:left|line_height:1.3&#8243; use_theme_fonts=&#8221;yes&#8221; font_weight=&#8221;900&#8243; animation_delay=&#8221;250&#8243; el_class=&#8221;mb-3 ls-negative-1&#8243;][vc_column_text]LEED&#8217;in amac\u0131, a\u015fa\u011f\u0131daki \u00f6zelliklere sahip daha iyi binalar yaratmakt\u0131r:<\/p>\n<ul>\n<li>K\u00fcresel iklim de\u011fi\u015fikli\u011fine katk\u0131y\u0131 azaltmak<\/li>\n<li>Bireysel insan sa\u011fl\u0131\u011f\u0131n\u0131 geli\u015ftirmek<\/li>\n<li>Su kaynaklar\u0131n\u0131 korumak ve eski haline getirmek<\/li>\n<li>Biyo\u00e7e\u015fitlili\u011fi ve ekosistem hizmetlerini kormak ve geli\u015ftirmek<\/li>\n<li>S\u00fcrd\u00fcr\u00fclebilir ve yenileyici malzeme d\u00f6ng\u00fclerini te\u015fvik etmek<\/li>\n<li>Toplumun ya\u015fam kalitesini art\u0131rmak<\/li>\n<\/ul>\n<p>LEED, bir binan\u0131n sadece enerji, su veya sa\u011fl\u0131k gibi bir unsuruna odaklanmayan, m\u00fcmk\u00fcn olan en iyi binay\u0131 yaratmak i\u00e7in birlikte \u00e7al\u0131\u015fan t\u00fcm kritik unsurlar\u0131n b\u00fcy\u00fck resmini hesaba katan b\u00fct\u00fcnsel bir sistemdir. Asl\u0131nda, LEED&#8217;deki kredilerin %35&#8217;i iklim de\u011fi\u015fikli\u011fi ile ilgilidir, kredilerin %20&#8217;si do\u011frudan insan sa\u011fl\u0131\u011f\u0131n\u0131 etkiler, kredilerin %15&#8217;i su kaynaklar\u0131n\u0131 etkiler, kredilerin %10&#8217;u biyo\u00e7e\u015fitlili\u011fi etkiler, kredilerin %10&#8217;u ile ilgilidir. ye\u015fil ekonomi, kredilerin %5&#8217;i toplumu etkiler ve kredilerin %5&#8217;i do\u011fal kaynaklar\u0131 etkiler. <a href=\"https:\/\/www.usgbc.org\/leed\/v41\">LEED v4.1&#8217;de<\/a>, LEED kredilerinin \u00e7o\u011fu operasyonel ve somut karbon ile ilgilidir.<a href=\"https:\/\/www.usgbc.org\/articles\/role-leed-climate-change-mitigation\">Daha fazla bilgi edinin<\/a>.[\/vc_column_text][\/vc_column][vc_column width=&#8221;1\/3&#8243;][vc_single_image image=&#8221;345&#8243; img_size=&#8221;full&#8221;][vc_single_image image=&#8221;349&#8243; img_size=&#8221;full&#8221; css=&#8221;.vc_custom_1661888162433{margin-top: 30px !important;}&#8221;][\/vc_column][\/vc_row]<\/p>\n","protected":false},"excerpt":{"rendered":"<p>[vc_row wrap_container=&#8221;yes&#8221; is_section=&#8221;yes&#8221; section_skin=&#8221;parallax&#8221; remove_margin_top=&#8221;yes&#8221; remove_border=&#8221;yes&#8221; el_id=&#8221;whoweare&#8221;][vc_column width=&#8221;2\/3&#8243; el_class=&#8221;mb-5 mb-lg-0&#8243; offset=&#8221;vc_col-md-8&#8243;][vc_custom_heading text=&#8221;LEED Nas\u0131l \u0130\u015fler&#8221; font_container=&#8221;tag:h2|font_size:42|text_align:left|line_height:1.3&#8243; use_theme_fonts=&#8221;yes&#8221; font_weight=&#8221;900&#8243; animation_delay=&#8221;250&#8243; el_class=&#8221;mb-3 ls-negative-1&#8243;][vc_custom_heading text=&#8221;LEED sertifikal\u0131 binalar tasarruf sa\u011flar, verimlili\u011fi art\u0131r\u0131r, karbon emisyonlar\u0131n\u0131 d\u00fc\u015f\u00fcr\u00fcr ve insanlar i\u00e7in daha sa\u011fl\u0131kl\u0131 yerler yarat\u0131r. Bunlar, iklim de\u011fi\u015fikli\u011fini ele alman\u0131n ve ESG hedeflerine ula\u015fman\u0131n, dayan\u0131kl\u0131l\u0131\u011f\u0131 art\u0131rman\u0131n ve daha adil topluluklar\u0131 desteklemenin kritik bir [&hellip;]<\/p>\n","protected":false},"author":1,"featured_media":0,"parent":0,"menu_order":0,"comment_status":"closed","ping_status":"closed","template":"","meta":{"_mi_skip_tracking":false},"aioseo_notices":[],"_links":{"self":[{"href":"https:\/\/camgozlerltd.com\/tr\/wp-json\/wp\/v2\/pages\/671"}],"collection":[{"href":"https:\/\/camgozlerltd.com\/tr\/wp-json\/wp\/v2\/pages"}],"about":[{"href":"https:\/\/camgozlerltd.com\/tr\/wp-json\/wp\/v2\/types\/page"}],"author":[{"embeddable":true,"href":"https:\/\/camgozlerltd.com\/tr\/wp-json\/wp\/v2\/users\/1"}],"replies":[{"embeddable":true,"href":"https:\/\/camgozlerltd.com\/tr\/wp-json\/wp\/v2\/comments?post=671"}],"version-history":[{"count":4,"href":"https:\/\/camgozlerltd.com\/tr\/wp-json\/wp\/v2\/pages\/671\/revisions"}],"predecessor-version":[{"id":676,"href":"https:\/\/camgozlerltd.com\/tr\/wp-json\/wp\/v2\/pages\/671\/revisions\/676"}],"wp:attachment":[{"href":"https:\/\/camgozlerltd.com\/tr\/wp-json\/wp\/v2\/media?parent=671"}],"curies":[{"name":"wp","href":"https:\/\/api.w.org\/{rel}","templated":true}]}}