{"id":688,"date":"2019-05-20T18:25:10","date_gmt":"2019-05-20T18:25:10","guid":{"rendered":"https:\/\/camgozlerltd.com\/projelerimiz\/"},"modified":"2022-09-29T12:47:50","modified_gmt":"2022-09-29T12:47:50","slug":"projelerimiz","status":"publish","type":"page","link":"https:\/\/camgozlerltd.com\/tr\/projelerimiz\/","title":{"rendered":"Projelerimiz"},"content":{"rendered":"<p>[vc_row][vc_column]<div id=\"porto-portfolio-2059\" class=\"porto-portfolios porto-portfolios32c7b938c8f2e058c6c8bc69700e8170 wpb_content_element \"><h4 class=\"wpb_heading \">Projelerimiz<\/h4>\n\t<div class=\"page-portfolios clearfix portfolios-grid m-t-lg porto-ajax-load load-more\" id=\"porto_portfolios_g6eh\" data-post_type=\"portfolio\" data-post_layout=\"grid\" data-ajax_load_options=\"{&quot;title&quot;:&quot;Projelerimiz&quot;,&quot;portfolio_layout&quot;:&quot;grid&quot;,&quot;number&quot;:&quot;10&quot;,&quot;load_more_posts&quot;:&quot;load-more-btn&quot;,&quot;filter&quot;:&quot;yes&quot;,&quot;image_size&quot;:&quot;portfolio-large&quot;}\">\n\n\t\n\t\t\t<ul class=\"portfolio-filter nav sort-source nav-pills\">\n\t\t\t<li class=\"active\" data-filter=\"*\"><a href=\"#\">Show All<\/a><\/li>\n\t\t\t\t\t\t\t<li data-filter=\"insaat\"><a href=\"#\">\u0130n\u015faat<\/a><\/li>\n\t\t\t\t\t\t\t<li data-filter=\"restorasyon\"><a href=\"#\">Restorasyon<\/a><\/li>\n\t\t\t\t\t\t\t<li data-filter=\"yapsat\"><a href=\"#\">Yapsat<\/a><\/li>\n\t\t\t\t\t<\/ul>\n\t\t\t\t\t<hr>\n\t\t\t\n\t\t\t<div class=\"portfolios-container portfolio-row portfolio-row-3 classic\" data-cur_page=\"1\" data-max_page=\"1\">\n\n\t\n\t\t<article class=\"portfolio portfolio-grid portfolio-col-3 yapsat post-691 type-portfolio status-publish hentry portfolio_cat-yapsat portfolio_skills-insaat portfolio_skills-mimari portfolio_skills-tasarim portfolio_skills-yapsat\">\n\t\t<h3 class=\"entry-title\" style=\"display: none;\">Konsept Villa<\/h3><span class=\"vcard\" style=\"display: none;\"><span class=\"fn\"><a href=\"https:\/\/camgozlerltd.com\/tr\/author\/admin\/\" title=\"admin taraf\u0131ndan yaz\u0131lan yaz\u0131lar\" rel=\"author\">admin<\/a><\/span><\/span><span class=\"updated\" style=\"display:none\">2022-09-05T15:18:03+00:00<\/span>\t\t<div class=\"portfolio-item default\">\n\t\t\t\n\t\t\t<a class=\"text-decoration-none portfolio-link\" href=\"https:\/\/camgozlerltd.com\/tr\/portfolio\/konsept-villa\/\">\n\t\t\t\t<span class=\"thumb-info thumb-info-bottom-info thumb-info-bottom-info-dark\">\n\t\t\t\t\t<span class=\"thumb-info-wrapper\">\n\t\t\t\t\t\t\t\t\t\t\t\t\t\t\t<img class=\"img-responsive\" src=\"https:\/\/camgozlerltd.com\/wp-content\/uploads\/2022\/08\/camgozler_proje_5-1-560x367.jpg\" alt=\"\" width=\"560\" height=\"367\" \/>\n\t\t\t\t\t\t\t\t\t\n\t\t\t\t\t\t\n\t\t\t\t\t\t\n\t\t\t\t\t\t\t\t\t\t\t\t\t\t\t\t<span class=\"thumb-info-title\">\n\n\t\t\t\t\t\t\t\t\t\t<span class=\"thumb-info-inner\">Konsept Villa<\/span>\n\n\t\t\t\t\t\t\t\t\t\t\t\t\t\t\t\t\t\t\t\t\t<span class=\"thumb-info-type\">Girne \u00c7atalk\u00f6y'de yapt\u0131\u011f\u0131m\u0131z S\u00fcper L\u00fcks Villa.<\/span>\n\t\t\t\t\t\t\t\t\t\t\n\t\t\t\t\t\t\t\t\t<\/span>\n\t\t\t\t\t\t\t\t\t\t\t\t\t\t\t\t\t\t\t\t\t\t\t\t\t\t\t\t\t\t\t<\/span>\n\t\t\t\t<\/span>\n\t\t\t<\/a>\n\t\t\t\t\t\t\t\t<\/div>\n\t<\/article>\n\t\t<article class=\"portfolio portfolio-grid portfolio-col-3 insaat post-693 type-portfolio status-publish hentry portfolio_cat-insaat portfolio_skills-insaat portfolio_skills-yapsat\">\n\t\t<h3 class=\"entry-title\" style=\"display: none;\">Uluhan Plaza<\/h3><span class=\"vcard\" style=\"display: none;\"><span class=\"fn\"><a href=\"https:\/\/camgozlerltd.com\/tr\/author\/admin\/\" title=\"admin taraf\u0131ndan yaz\u0131lan yaz\u0131lar\" rel=\"author\">admin<\/a><\/span><\/span><span class=\"updated\" style=\"display:none\">2022-09-05T15:18:59+00:00<\/span>\t\t<div class=\"portfolio-item default\">\n\t\t\t\n\t\t\t<a class=\"text-decoration-none portfolio-link\" href=\"https:\/\/camgozlerltd.com\/tr\/portfolio\/uluhan-plaza-2\/\">\n\t\t\t\t<span class=\"thumb-info thumb-info-bottom-info thumb-info-bottom-info-dark\">\n\t\t\t\t\t<span class=\"thumb-info-wrapper\">\n\t\t\t\t\t\t\t\t\t\t\t\t\t\t\t<img class=\"img-responsive\" src=\"https:\/\/camgozlerltd.com\/wp-content\/uploads\/2022\/08\/camgozler_proje_4-2-560x367.jpg\" alt=\"\" width=\"560\" height=\"367\" \/>\n\t\t\t\t\t\t\t\t\t\n\t\t\t\t\t\t\n\t\t\t\t\t\t\n\t\t\t\t\t\t\t\t\t\t\t\t\t\t\t\t<span class=\"thumb-info-title\">\n\n\t\t\t\t\t\t\t\t\t\t<span class=\"thumb-info-inner\">Uluhan Plaza<\/span>\n\n\t\t\t\t\t\t\t\t\t\t\t\t\t\t\t\t\t\t\t\t\t<span class=\"thumb-info-type\">Uluhan plaza ve apatmanlar 4000 m2 olup tamamlam\u0131\u015f oldu\u011fumuz projelerden birtanesidir.<\/span>\n\t\t\t\t\t\t\t\t\t\t\n\t\t\t\t\t\t\t\t\t<\/span>\n\t\t\t\t\t\t\t\t\t\t\t\t\t\t\t\t\t\t\t\t\t\t\t\t\t\t\t\t\t\t\t<\/span>\n\t\t\t\t<\/span>\n\t\t\t<\/a>\n\t\t\t\t\t\t\t\t<\/div>\n\t<\/article>\n\t\t<article class=\"portfolio portfolio-grid portfolio-col-3 restorasyon post-695 type-portfolio status-publish hentry portfolio_cat-restorasyon portfolio_skills-restorasyon\">\n\t\t<h3 class=\"entry-title\" style=\"display: none;\">Ottoman \u00c7e\u015fmeleri Restorasyonu<\/h3><span class=\"vcard\" style=\"display: none;\"><span class=\"fn\"><a href=\"https:\/\/camgozlerltd.com\/tr\/author\/admin\/\" title=\"admin taraf\u0131ndan yaz\u0131lan yaz\u0131lar\" rel=\"author\">admin<\/a><\/span><\/span><span class=\"updated\" style=\"display:none\">2022-09-05T15:19:39+00:00<\/span>\t\t<div class=\"portfolio-item default\">\n\t\t\t\n\t\t\t<a class=\"text-decoration-none portfolio-link\" href=\"https:\/\/camgozlerltd.com\/tr\/portfolio\/ottoman-cesmeleri-restorasyonu\/\">\n\t\t\t\t<span class=\"thumb-info thumb-info-bottom-info thumb-info-bottom-info-dark\">\n\t\t\t\t\t<span class=\"thumb-info-wrapper\">\n\t\t\t\t\t\t\t\t\t\t\t\t\t\t\t<img class=\"img-responsive\" src=\"https:\/\/camgozlerltd.com\/wp-content\/uploads\/2022\/08\/camgozler_proje_3-1-560x367.jpg\" alt=\"\" width=\"560\" height=\"367\" \/>\n\t\t\t\t\t\t\t\t\t\n\t\t\t\t\t\t\n\t\t\t\t\t\t\n\t\t\t\t\t\t\t\t\t\t\t\t\t\t\t\t<span class=\"thumb-info-title\">\n\n\t\t\t\t\t\t\t\t\t\t<span class=\"thumb-info-inner\">Ottoman \u00c7e\u015fmeleri Restorasyonu<\/span>\n\n\t\t\t\t\t\t\t\t\t\t\t\t\t\t\t\t\t\t\t\t\t<span class=\"thumb-info-type\">Osmanl\u0131 \u00e7e\u015fmeleri ve sarn\u0131c\u0131 Girne Kalesi arkas\u0131nda konumlanan ve UNDP i\u00e7in restorasyonunu yap\u0131p tamamlad\u0131\u011f\u0131m\u0131z bir projedir<\/span>\n\t\t\t\t\t\t\t\t\t\t\n\t\t\t\t\t\t\t\t\t<\/span>\n\t\t\t\t\t\t\t\t\t\t\t\t\t\t\t\t\t\t\t\t\t\t\t\t\t\t\t\t\t\t\t<\/span>\n\t\t\t\t<\/span>\n\t\t\t<\/a>\n\t\t\t\t\t\t\t\t<\/div>\n\t<\/article>\n\t\t<article class=\"portfolio portfolio-grid portfolio-col-3 restorasyon post-697 type-portfolio status-publish hentry portfolio_cat-restorasyon portfolio_skills-restorasyon\">\n\t\t<h3 class=\"entry-title\" style=\"display: none;\">Kyra Kilisesi Restorasyonu<\/h3><span class=\"vcard\" style=\"display: none;\"><span class=\"fn\"><a href=\"https:\/\/camgozlerltd.com\/tr\/author\/admin\/\" title=\"admin taraf\u0131ndan yaz\u0131lan yaz\u0131lar\" rel=\"author\">admin<\/a><\/span><\/span><span class=\"updated\" style=\"display:none\">2022-09-05T15:27:12+00:00<\/span>\t\t<div class=\"portfolio-item default\">\n\t\t\t\n\t\t\t<a class=\"text-decoration-none portfolio-link\" href=\"https:\/\/camgozlerltd.com\/tr\/portfolio\/kyra-kilisesi-restorasyonu\/\">\n\t\t\t\t<span class=\"thumb-info thumb-info-bottom-info thumb-info-bottom-info-dark\">\n\t\t\t\t\t<span class=\"thumb-info-wrapper\">\n\t\t\t\t\t\t\t\t\t\t\t\t\t\t\t<img class=\"img-responsive\" src=\"https:\/\/camgozlerltd.com\/wp-content\/uploads\/2022\/08\/camgozler_proje_2-1-560x367.jpg\" alt=\"\" width=\"560\" height=\"367\" \/>\n\t\t\t\t\t\t\t\t\t\n\t\t\t\t\t\t\n\t\t\t\t\t\t\n\t\t\t\t\t\t\t\t\t\t\t\t\t\t\t\t<span class=\"thumb-info-title\">\n\n\t\t\t\t\t\t\t\t\t\t<span class=\"thumb-info-inner\">Kyra Kilisesi Restorasyonu<\/span>\n\n\t\t\t\t\t\t\t\t\t\t\t\t\t\t\t\t\t\t\t\t\t<span class=\"thumb-info-type\">Kyra Kilisesi UNDP i\u00e7in restorasyonunu yap\u0131p tamamlam\u0131\u015f oldu\u011fumuz bir restorasyon projemizdir<\/span>\n\t\t\t\t\t\t\t\t\t\t\n\t\t\t\t\t\t\t\t\t<\/span>\n\t\t\t\t\t\t\t\t\t\t\t\t\t\t\t\t\t\t\t\t\t\t\t\t\t\t\t\t\t\t\t<\/span>\n\t\t\t\t<\/span>\n\t\t\t<\/a>\n\t\t\t\t\t\t\t\t<\/div>\n\t<\/article>\n\t\t<article class=\"portfolio portfolio-grid portfolio-col-3 insaat post-699 type-portfolio status-publish hentry portfolio_cat-insaat portfolio_skills-insaat portfolio_skills-tasarim portfolio_skills-yapsat\">\n\t\t<h3 class=\"entry-title\" style=\"display: none;\">\u00c7elik \/ Prefabrik Konutlar<\/h3><span class=\"vcard\" style=\"display: none;\"><span class=\"fn\"><a href=\"https:\/\/camgozlerltd.com\/tr\/author\/admin\/\" title=\"admin taraf\u0131ndan yaz\u0131lan yaz\u0131lar\" rel=\"author\">admin<\/a><\/span><\/span><span class=\"updated\" style=\"display:none\">2022-09-05T15:22:39+00:00<\/span>\t\t<div class=\"portfolio-item default\">\n\t\t\t\n\t\t\t<a class=\"text-decoration-none portfolio-link\" href=\"https:\/\/camgozlerltd.com\/tr\/portfolio\/celik-prefabrik-konutlar\/\">\n\t\t\t\t<span class=\"thumb-info thumb-info-bottom-info thumb-info-bottom-info-dark\">\n\t\t\t\t\t<span class=\"thumb-info-wrapper\">\n\t\t\t\t\t\t\t\t\t\t\t\t\t\t\t<img class=\"img-responsive\" src=\"https:\/\/camgozlerltd.com\/wp-content\/uploads\/2022\/08\/camgozler_proje_1-1-560x367.jpg\" alt=\"\" width=\"560\" height=\"367\" \/>\n\t\t\t\t\t\t\t\t\t\n\t\t\t\t\t\t\n\t\t\t\t\t\t\n\t\t\t\t\t\t\t\t\t\t\t\t\t\t\t\t<span class=\"thumb-info-title\">\n\n\t\t\t\t\t\t\t\t\t\t<span class=\"thumb-info-inner\">\u00c7elik \/ Prefabrik Konutlar<\/span>\n\n\t\t\t\t\t\t\t\t\t\t\t\t\t\t\t\t\t\t\t\t\t<span class=\"thumb-info-type\">\u00c7elik evler konteynerler prefabrik ev yatakhane ek oda kafeterya \u015fantiyeler i\u00e7in ofis binalar\u0131 yapmaktay\u0131z.<\/span>\n\t\t\t\t\t\t\t\t\t\t\n\t\t\t\t\t\t\t\t\t<\/span>\n\t\t\t\t\t\t\t\t\t\t\t\t\t\t\t\t\t\t\t\t\t\t\t\t\t\t\t\t\t\t\t<\/span>\n\t\t\t\t<\/span>\n\t\t\t<\/a>\n\t\t\t\t\t\t\t\t<\/div>\n\t<\/article>\n\t\t<article class=\"portfolio portfolio-grid portfolio-col-3 yapsat post-701 type-portfolio status-publish hentry portfolio_cat-yapsat portfolio_skills-insaat portfolio_skills-mimari portfolio_skills-tasarim portfolio_skills-yapsat\">\n\t\t<h3 class=\"entry-title\" style=\"display: none;\">\u00c7atalk\u00f6y L\u00fcks Villa<\/h3><span class=\"vcard\" style=\"display: none;\"><span class=\"fn\"><a href=\"https:\/\/camgozlerltd.com\/tr\/author\/admin\/\" title=\"admin taraf\u0131ndan yaz\u0131lan yaz\u0131lar\" rel=\"author\">admin<\/a><\/span><\/span><span class=\"updated\" style=\"display:none\">2022-09-05T15:24:14+00:00<\/span>\t\t<div class=\"portfolio-item default\">\n\t\t\t\n\t\t\t<a class=\"text-decoration-none portfolio-link\" href=\"https:\/\/camgozlerltd.com\/tr\/portfolio\/catalkoy-luks-villa\/\">\n\t\t\t\t<span class=\"thumb-info thumb-info-bottom-info thumb-info-bottom-info-dark\">\n\t\t\t\t\t<span class=\"thumb-info-wrapper\">\n\t\t\t\t\t\t\t\t\t\t\t\t\t\t\t<img class=\"img-responsive\" src=\"https:\/\/camgozlerltd.com\/wp-content\/uploads\/2019\/05\/camgozler_proje_8-5-560x367.jpg\" alt=\"\" width=\"560\" height=\"367\" \/>\n\t\t\t\t\t\t\t\t\t\n\t\t\t\t\t\t\n\t\t\t\t\t\t\n\t\t\t\t\t\t\t\t\t\t\t\t\t\t\t\t<span class=\"thumb-info-title\">\n\n\t\t\t\t\t\t\t\t\t\t<span class=\"thumb-info-inner\">\u00c7atalk\u00f6y L\u00fcks Villa<\/span>\n\n\t\t\t\t\t\t\t\t\t\t\t\t\t\t\t\t\t\t\t\t\t<span class=\"thumb-info-type\">\u00c7atalk\u00f6y'de in\u015faat\u0131n\u0131 tamamlad\u0131\u011f\u0131m\u0131z S\u00fcper L\u00fcks Villa.<\/span>\n\t\t\t\t\t\t\t\t\t\t\n\t\t\t\t\t\t\t\t\t<\/span>\n\t\t\t\t\t\t\t\t\t\t\t\t\t\t\t\t\t\t\t\t\t\t\t\t\t\t\t\t\t\t\t<\/span>\n\t\t\t\t<\/span>\n\t\t\t<\/a>\n\t\t\t\t\t\t\t\t<\/div>\n\t<\/article>\n\t\t<article class=\"portfolio portfolio-grid portfolio-col-3 yapsat post-709 type-portfolio status-publish hentry portfolio_cat-yapsat portfolio_skills-insaat portfolio_skills-mimari portfolio_skills-tasarim portfolio_skills-yapsat\">\n\t\t<h3 class=\"entry-title\" style=\"display: none;\">Ki\u015fiye \u00d6zel Projeler<\/h3><span class=\"vcard\" style=\"display: none;\"><span class=\"fn\"><a href=\"https:\/\/camgozlerltd.com\/tr\/author\/admin\/\" title=\"admin taraf\u0131ndan yaz\u0131lan yaz\u0131lar\" rel=\"author\">admin<\/a><\/span><\/span><span class=\"updated\" style=\"display:none\">2022-09-05T15:20:39+00:00<\/span>\t\t<div class=\"portfolio-item default\">\n\t\t\t\n\t\t\t<a class=\"text-decoration-none portfolio-link\" href=\"https:\/\/camgozlerltd.com\/tr\/portfolio\/kisiye-ozel-projeler\/\">\n\t\t\t\t<span class=\"thumb-info thumb-info-bottom-info thumb-info-bottom-info-dark\">\n\t\t\t\t\t<span class=\"thumb-info-wrapper\">\n\t\t\t\t\t\t\t\t\t\t\t\t\t\t\t<img class=\"img-responsive\" src=\"https:\/\/camgozlerltd.com\/wp-content\/uploads\/2019\/05\/camgozler_proje_7-1-560x367.jpg\" alt=\"\" width=\"560\" height=\"367\" \/>\n\t\t\t\t\t\t\t\t\t\n\t\t\t\t\t\t\n\t\t\t\t\t\t\n\t\t\t\t\t\t\t\t\t\t\t\t\t\t\t\t<span class=\"thumb-info-title\">\n\n\t\t\t\t\t\t\t\t\t\t<span class=\"thumb-info-inner\">Ki\u015fiye \u00d6zel Projeler<\/span>\n\n\t\t\t\t\t\t\t\t\t\t\t\t\t\t\t\t\t\t\t\t\t<span class=\"thumb-info-type\">Yapsat Projelerimiz daha \u00e7ok ki\u015fiye \u00f6zel tasar\u0131mlard\u0131r her b\u00fct\u00e7eye g\u00f6re m\u00fcstakil ev tasarlay\u0131p yapmaktay\u0131z.<\/span>\n\t\t\t\t\t\t\t\t\t\t\n\t\t\t\t\t\t\t\t\t<\/span>\n\t\t\t\t\t\t\t\t\t\t\t\t\t\t\t\t\t\t\t\t\t\t\t\t\t\t\t\t\t\t\t<\/span>\n\t\t\t\t<\/span>\n\t\t\t<\/a>\n\t\t\t\t\t\t\t\t<\/div>\n\t<\/article>\n\t\n\t\n\t\n\t\t<\/div>\n\n\t\n\t\t\t<input type=\"hidden\" class=\"shortcode-id\" value=\"32c7b938c8f2e058c6c8bc69700e8170\"\/>\n\t\t\t\n\t<\/div>\n\n\t\n\t\n\t<\/div>[\/vc_column][\/vc_row]<\/p>\n","protected":false},"excerpt":{"rendered":"<p>[vc_row][vc_column][\/vc_column][\/vc_row]<\/p>\n","protected":false},"author":1,"featured_media":0,"parent":0,"menu_order":0,"comment_status":"closed","ping_status":"closed","template":"","meta":{"_mi_skip_tracking":false},"aioseo_notices":[],"_links":{"self":[{"href":"https:\/\/camgozlerltd.com\/tr\/wp-json\/wp\/v2\/pages\/688"}],"collection":[{"href":"https:\/\/camgozlerltd.com\/tr\/wp-json\/wp\/v2\/pages"}],"about":[{"href":"https:\/\/camgozlerltd.com\/tr\/wp-json\/wp\/v2\/types\/page"}],"author":[{"embeddable":true,"href":"https:\/\/camgozlerltd.com\/tr\/wp-json\/wp\/v2\/users\/1"}],"replies":[{"embeddable":true,"href":"https:\/\/camgozlerltd.com\/tr\/wp-json\/wp\/v2\/comments?post=688"}],"version-history":[{"count":7,"href":"https:\/\/camgozlerltd.com\/tr\/wp-json\/wp\/v2\/pages\/688\/revisions"}],"predecessor-version":[{"id":811,"href":"https:\/\/camgozlerltd.com\/tr\/wp-json\/wp\/v2\/pages\/688\/revisions\/811"}],"wp:attachment":[{"href":"https:\/\/camgozlerltd.com\/tr\/wp-json\/wp\/v2\/media?parent=688"}],"curies":[{"name":"wp","href":"https:\/\/api.w.org\/{rel}","templated":true}]}}